{"id":4712,"date":"2025-09-20T20:12:58","date_gmt":"2025-09-20T18:12:58","guid":{"rendered":"https:\/\/pacher-pruebas.com\/?post_type=product&#038;p=4712"},"modified":"2025-09-23T19:42:12","modified_gmt":"2025-09-23T17:42:12","slug":"tartas-con-foundant","status":"publish","type":"product","link":"https:\/\/inigual.es\/en\/product\/tartas-con-foundant\/","title":{"rendered":"Tartas con Foundant"},"content":{"rendered":"<ul>\n<li>Tiempo de antelaci\u00f3n para hacer el encargo:\u00a0<strong>M\u00ednimo 7 d\u00edas.<\/strong><\/li>\n<li>El precio depende de las raciones y del dise\u00f1o, por lo que es muy importante que rellenes y nos env\u00edes el formulario para poder darte un presupuesto lo m\u00e1s exacto posible<\/li>\n<li>Para formalizar el encargo tendr\u00e1s que\u00a0<strong>reservar con un 40% del importe total.<\/strong><\/li>\n<li>Tendr\u00e1s opci\u00f3n de pagar el importe total o el resto a la recogida en tienda.<\/li>\n<li>Decoraciones:\n<ul>\n<li>Cualquiera de nuestras tartas las puedes personalizar con diferentes detalles, independiente del n\u00famero de las raciones.<\/li>\n<li>Pueden ser de flores preservadas, flores naturales, topper personalizados o est\u00e1ndar,\u00a0 modelados de personajes, mu\u00f1ecos\u2026 y un sinf\u00edn de cosas.<\/li>\n<\/ul>\n<\/li>\n<\/ul>\n<p>Todo eso junto a las raciones es lo necesario para confeccionar tu presupuesto, as\u00ed que env\u00edanos todos los detalles<\/p>\n<ul>\n<li>En caso de cancelaci\u00f3n del encargo por parte del cliente, no se podr\u00e1 hacer reembolso del monto de reserva.<\/li>\n<\/ul>","protected":false},"excerpt":{"rendered":"<p>Tiempo de antelaci\u00f3n para hacer el encargo:\u00a0M\u00ednimo 7 d\u00edas. El precio depende de las raciones y del dise\u00f1o, por lo [&hellip;]<\/p>\n","protected":false},"featured_media":4713,"comment_status":"closed","ping_status":"closed","template":"","meta":{"_acf_changed":false},"product_brand":[],"product_cat":[40,32],"product_tag":[],"class_list":{"0":"post-4712","1":"product","2":"type-product","3":"status-publish","4":"has-post-thumbnail","6":"product_cat-tartas-con-foundant","7":"product_cat-tartas-personalizadas","9":"first","10":"instock","11":"taxable","12":"shipping-taxable","13":"product-type-simple"},"acf":[],"yoast_head":"<!-- This site is optimized with the Yoast SEO plugin v27.2 - https:\/\/yoast.com\/product\/yoast-seo-wordpress\/ -->\n<title>Tartas con Foundant - Inigual | Reposter\u00eda creativa<\/title>\n<meta name=\"robots\" content=\"index, follow, max-snippet:-1, max-image-preview:large, max-video-preview:-1\" \/>\n<link rel=\"canonical\" href=\"https:\/\/inigual.es\/en\/product\/tartas-con-foundant\/\" \/>\n<meta property=\"og:locale\" content=\"en_GB\" \/>\n<meta property=\"og:type\" content=\"article\" \/>\n<meta property=\"og:title\" content=\"Tartas con Foundant - Inigual | Reposter\u00eda creativa\" \/>\n<meta property=\"og:description\" content=\"Tiempo de antelaci\u00f3n para hacer el encargo:\u00a0M\u00ednimo 7 d\u00edas. El precio depende de las raciones y del dise\u00f1o, por lo [&hellip;]\" \/>\n<meta property=\"og:url\" content=\"https:\/\/inigual.es\/en\/product\/tartas-con-foundant\/\" \/>\n<meta property=\"og:site_name\" content=\"Inigual | Reposter\u00eda creativa\" \/>\n<meta property=\"article:publisher\" content=\"https:\/\/www.facebook.com\/Inigual-700262766834423\" \/>\n<meta property=\"article:modified_time\" content=\"2025-09-23T17:42:12+00:00\" \/>\n<meta property=\"og:image\" content=\"https:\/\/inigual.es\/wp-content\/uploads\/2025\/09\/f-carrusel-1.webp\" \/>\n\t<meta property=\"og:image:width\" content=\"1080\" \/>\n\t<meta property=\"og:image:height\" content=\"1080\" \/>\n\t<meta property=\"og:image:type\" content=\"image\/webp\" \/>\n<meta name=\"twitter:card\" content=\"summary_large_image\" \/>\n<meta name=\"twitter:label1\" content=\"Estimated reading time\" \/>\n\t<meta name=\"twitter:data1\" content=\"1 minute\" \/>\n<script type=\"application\/ld+json\" class=\"yoast-schema-graph\">{\"@context\":\"https:\/\/schema.org\",\"@graph\":[{\"@type\":\"WebPage\",\"@id\":\"https:\/\/inigual.es\/producto\/tartas-con-foundant\/\",\"url\":\"https:\/\/inigual.es\/producto\/tartas-con-foundant\/\",\"name\":\"Tartas con Foundant - Inigual | Reposter\u00eda creativa\",\"isPartOf\":{\"@id\":\"https:\/\/inigual.es\/#website\"},\"primaryImageOfPage\":{\"@id\":\"https:\/\/inigual.es\/producto\/tartas-con-foundant\/#primaryimage\"},\"image\":{\"@id\":\"https:\/\/inigual.es\/producto\/tartas-con-foundant\/#primaryimage\"},\"thumbnailUrl\":\"https:\/\/inigual.es\/wp-content\/uploads\/2025\/09\/f-carrusel-1.webp\",\"datePublished\":\"2025-09-20T18:12:58+00:00\",\"dateModified\":\"2025-09-23T17:42:12+00:00\",\"breadcrumb\":{\"@id\":\"https:\/\/inigual.es\/producto\/tartas-con-foundant\/#breadcrumb\"},\"inLanguage\":\"en-GB\",\"potentialAction\":[{\"@type\":\"ReadAction\",\"target\":[\"https:\/\/inigual.es\/producto\/tartas-con-foundant\/\"]}]},{\"@type\":\"ImageObject\",\"inLanguage\":\"en-GB\",\"@id\":\"https:\/\/inigual.es\/producto\/tartas-con-foundant\/#primaryimage\",\"url\":\"https:\/\/inigual.es\/wp-content\/uploads\/2025\/09\/f-carrusel-1.webp\",\"contentUrl\":\"https:\/\/inigual.es\/wp-content\/uploads\/2025\/09\/f-carrusel-1.webp\",\"width\":1080,\"height\":1080},{\"@type\":\"BreadcrumbList\",\"@id\":\"https:\/\/inigual.es\/producto\/tartas-con-foundant\/#breadcrumb\",\"itemListElement\":[{\"@type\":\"ListItem\",\"position\":1,\"name\":\"Portada\",\"item\":\"https:\/\/inigual.es\/\"},{\"@type\":\"ListItem\",\"position\":2,\"name\":\"Tienda\",\"item\":\"https:\/\/inigual.es\/tienda\/\"},{\"@type\":\"ListItem\",\"position\":3,\"name\":\"Tartas con Foundant\"}]},{\"@type\":\"WebSite\",\"@id\":\"https:\/\/inigual.es\/#website\",\"url\":\"https:\/\/inigual.es\/\",\"name\":\"Inigual | Reposter\u00eda creativa\",\"description\":\"Hacemos de la reposter\u00eda creativa un estilo de vida. Nos especializamos en crear dulces y emociones. Obrador tradicional con un toque Inigual.\",\"publisher\":{\"@id\":\"https:\/\/inigual.es\/#organization\"},\"potentialAction\":[{\"@type\":\"SearchAction\",\"target\":{\"@type\":\"EntryPoint\",\"urlTemplate\":\"https:\/\/inigual.es\/?s={search_term_string}\"},\"query-input\":{\"@type\":\"PropertyValueSpecification\",\"valueRequired\":true,\"valueName\":\"search_term_string\"}}],\"inLanguage\":\"en-GB\"},{\"@type\":\"Organization\",\"@id\":\"https:\/\/inigual.es\/#organization\",\"name\":\"Inigual | Reposter\u00eda creativa\",\"url\":\"https:\/\/inigual.es\/\",\"logo\":{\"@type\":\"ImageObject\",\"inLanguage\":\"en-GB\",\"@id\":\"https:\/\/inigual.es\/#\/schema\/logo\/image\/\",\"url\":\"https:\/\/pacher-pruebas.com\/wp-content\/uploads\/2025\/09\/logo-inigual-perfil.png\",\"contentUrl\":\"https:\/\/pacher-pruebas.com\/wp-content\/uploads\/2025\/09\/logo-inigual-perfil.png\",\"width\":500,\"height\":500,\"caption\":\"Inigual | Reposter\u00eda creativa\"},\"image\":{\"@id\":\"https:\/\/inigual.es\/#\/schema\/logo\/image\/\"},\"sameAs\":[\"https:\/\/www.facebook.com\/Inigual-700262766834423\",\"https:\/\/www.instagram.com\/inigualciudadreal\"]}]}<\/script>\n<!-- \/ Yoast SEO plugin. -->","yoast_head_json":{"title":"Tartas con Foundant - Inigual | Reposter\u00eda creativa","robots":{"index":"index","follow":"follow","max-snippet":"max-snippet:-1","max-image-preview":"max-image-preview:large","max-video-preview":"max-video-preview:-1"},"canonical":"https:\/\/inigual.es\/en\/product\/tartas-con-foundant\/","og_locale":"en_GB","og_type":"article","og_title":"Tartas con Foundant - Inigual | Reposter\u00eda creativa","og_description":"Tiempo de antelaci\u00f3n para hacer el encargo:\u00a0M\u00ednimo 7 d\u00edas. El precio depende de las raciones y del dise\u00f1o, por lo [&hellip;]","og_url":"https:\/\/inigual.es\/en\/product\/tartas-con-foundant\/","og_site_name":"Inigual | Reposter\u00eda creativa","article_publisher":"https:\/\/www.facebook.com\/Inigual-700262766834423","article_modified_time":"2025-09-23T17:42:12+00:00","og_image":[{"width":1080,"height":1080,"url":"https:\/\/inigual.es\/wp-content\/uploads\/2025\/09\/f-carrusel-1.webp","type":"image\/webp"}],"twitter_card":"summary_large_image","twitter_misc":{"Estimated reading time":"1 minute"},"schema":{"@context":"https:\/\/schema.org","@graph":[{"@type":"WebPage","@id":"https:\/\/inigual.es\/producto\/tartas-con-foundant\/","url":"https:\/\/inigual.es\/producto\/tartas-con-foundant\/","name":"Tartas con Foundant - Inigual | Reposter\u00eda creativa","isPartOf":{"@id":"https:\/\/inigual.es\/#website"},"primaryImageOfPage":{"@id":"https:\/\/inigual.es\/producto\/tartas-con-foundant\/#primaryimage"},"image":{"@id":"https:\/\/inigual.es\/producto\/tartas-con-foundant\/#primaryimage"},"thumbnailUrl":"https:\/\/inigual.es\/wp-content\/uploads\/2025\/09\/f-carrusel-1.webp","datePublished":"2025-09-20T18:12:58+00:00","dateModified":"2025-09-23T17:42:12+00:00","breadcrumb":{"@id":"https:\/\/inigual.es\/producto\/tartas-con-foundant\/#breadcrumb"},"inLanguage":"en-GB","potentialAction":[{"@type":"ReadAction","target":["https:\/\/inigual.es\/producto\/tartas-con-foundant\/"]}]},{"@type":"ImageObject","inLanguage":"en-GB","@id":"https:\/\/inigual.es\/producto\/tartas-con-foundant\/#primaryimage","url":"https:\/\/inigual.es\/wp-content\/uploads\/2025\/09\/f-carrusel-1.webp","contentUrl":"https:\/\/inigual.es\/wp-content\/uploads\/2025\/09\/f-carrusel-1.webp","width":1080,"height":1080},{"@type":"BreadcrumbList","@id":"https:\/\/inigual.es\/producto\/tartas-con-foundant\/#breadcrumb","itemListElement":[{"@type":"ListItem","position":1,"name":"Portada","item":"https:\/\/inigual.es\/"},{"@type":"ListItem","position":2,"name":"Tienda","item":"https:\/\/inigual.es\/tienda\/"},{"@type":"ListItem","position":3,"name":"Tartas con Foundant"}]},{"@type":"WebSite","@id":"https:\/\/inigual.es\/#website","url":"https:\/\/inigual.es\/","name":"Inigual | Reposter\u00eda creativa","description":"Hacemos de la reposter\u00eda creativa un estilo de vida. Nos especializamos en crear dulces y emociones. Obrador tradicional con un toque Inigual.","publisher":{"@id":"https:\/\/inigual.es\/#organization"},"potentialAction":[{"@type":"SearchAction","target":{"@type":"EntryPoint","urlTemplate":"https:\/\/inigual.es\/?s={search_term_string}"},"query-input":{"@type":"PropertyValueSpecification","valueRequired":true,"valueName":"search_term_string"}}],"inLanguage":"en-GB"},{"@type":"Organization","@id":"https:\/\/inigual.es\/#organization","name":"Inigual | Reposter\u00eda creativa","url":"https:\/\/inigual.es\/","logo":{"@type":"ImageObject","inLanguage":"en-GB","@id":"https:\/\/inigual.es\/#\/schema\/logo\/image\/","url":"https:\/\/pacher-pruebas.com\/wp-content\/uploads\/2025\/09\/logo-inigual-perfil.png","contentUrl":"https:\/\/pacher-pruebas.com\/wp-content\/uploads\/2025\/09\/logo-inigual-perfil.png","width":500,"height":500,"caption":"Inigual | Reposter\u00eda creativa"},"image":{"@id":"https:\/\/inigual.es\/#\/schema\/logo\/image\/"},"sameAs":["https:\/\/www.facebook.com\/Inigual-700262766834423","https:\/\/www.instagram.com\/inigualciudadreal"]}]}},"_links":{"self":[{"href":"https:\/\/inigual.es\/en\/wp-json\/wp\/v2\/product\/4712","targetHints":{"allow":["GET"]}}],"collection":[{"href":"https:\/\/inigual.es\/en\/wp-json\/wp\/v2\/product"}],"about":[{"href":"https:\/\/inigual.es\/en\/wp-json\/wp\/v2\/types\/product"}],"replies":[{"embeddable":true,"href":"https:\/\/inigual.es\/en\/wp-json\/wp\/v2\/comments?post=4712"}],"wp:featuredmedia":[{"embeddable":true,"href":"https:\/\/inigual.es\/en\/wp-json\/wp\/v2\/media\/4713"}],"wp:attachment":[{"href":"https:\/\/inigual.es\/en\/wp-json\/wp\/v2\/media?parent=4712"}],"wp:term":[{"taxonomy":"product_brand","embeddable":true,"href":"https:\/\/inigual.es\/en\/wp-json\/wp\/v2\/product_brand?post=4712"},{"taxonomy":"product_cat","embeddable":true,"href":"https:\/\/inigual.es\/en\/wp-json\/wp\/v2\/product_cat?post=4712"},{"taxonomy":"product_tag","embeddable":true,"href":"https:\/\/inigual.es\/en\/wp-json\/wp\/v2\/product_tag?post=4712"}],"curies":[{"name":"wp","href":"https:\/\/api.w.org\/{rel}","templated":true}]}}