{"id":4616,"date":"2025-09-19T23:47:11","date_gmt":"2025-09-19T21:47:11","guid":{"rendered":"https:\/\/pacher-pruebas.com\/?post_type=product&#038;p=4616"},"modified":"2025-09-19T23:47:11","modified_gmt":"2025-09-19T21:47:11","slug":"pack-brownies-pequena","status":"publish","type":"product","link":"https:\/\/inigual.es\/en\/product\/pack-brownies-pequena\/","title":{"rendered":"Pack Brownies peque\u00f1a"},"content":{"rendered":"<p>Esta cajita contiene:<\/p>\n<ul>\n<li>2 Unidades de Brownie de red Velvet.<\/li>\n<li>2 Unidades de Brownie con Nueces.<\/li>\n<li>2 Unidades de Brownie de Choco Blanco y Pistachos.<\/li>\n<li>2 Unidades de Brownie de Lim\u00f3n.<\/li>\n<\/ul>","protected":false},"excerpt":{"rendered":"<div class=\"cxmmr5t8 oygrvhab hcukyx3x c1et5uql o9v6fnle ii04i59q\">\n<div dir=\"auto\">Qu\u00e9 bonita sorpresa recibir en casa una cajita gourmet de brownies. \u00a1Todos los sentidos se empiezan a despertar! Los olores, texturas y la magn\u00edfica presentaci\u00f3n de nuestro pack brownies con los sabores de red velvet, chocolate blanco, lim\u00f3n y americano.<\/div>\n<\/div>\n<div class=\"cxmmr5t8 oygrvhab hcukyx3x c1et5uql o9v6fnle ii04i59q\">\n<div dir=\"auto\">Estos brownies\u00a0te transportan al placer gastron\u00f3mico en el que est\u00e1 presente la ternura y el cari\u00f1o de quien lo env\u00eda. Y lo mejor es que la sensaci\u00f3n de degustarlos, en cualquier momento, hacen de un d\u00eda normal, uno especial e inolvidable.<\/div>\n<\/div>\n<div class=\"cxmmr5t8 oygrvhab hcukyx3x c1et5uql o9v6fnle ii04i59q\">\n<div dir=\"auto\">\u00a1Es tan f\u00e1cil provocar una sonrisa!<\/div>\n<\/div>","protected":false},"featured_media":4617,"comment_status":"closed","ping_status":"closed","template":"","meta":{"_acf_changed":false},"product_brand":[],"product_cat":[36],"product_tag":[],"class_list":{"0":"post-4616","1":"product","2":"type-product","3":"status-publish","4":"has-post-thumbnail","6":"product_cat-pack-brownies","8":"first","9":"instock","10":"taxable","11":"shipping-taxable","12":"purchasable","13":"product-type-simple"},"acf":[],"yoast_head":"<!-- This site is optimized with the Yoast SEO plugin v27.2 - https:\/\/yoast.com\/product\/yoast-seo-wordpress\/ -->\n<title>Pack Brownies peque\u00f1a - Inigual | Reposter\u00eda creativa<\/title>\n<meta name=\"robots\" content=\"index, follow, max-snippet:-1, max-image-preview:large, max-video-preview:-1\" \/>\n<link rel=\"canonical\" href=\"https:\/\/inigual.es\/en\/product\/pack-brownies-pequena\/\" \/>\n<meta property=\"og:locale\" content=\"en_GB\" \/>\n<meta property=\"og:type\" content=\"article\" \/>\n<meta property=\"og:title\" content=\"Pack Brownies peque\u00f1a - Inigual | Reposter\u00eda creativa\" \/>\n<meta property=\"og:description\" content=\"Qu\u00e9 bonita sorpresa recibir en casa una cajita gourmet de brownies. \u00a1Todos los sentidos se empiezan a despertar! Los olores, texturas y la magn\u00edfica presentaci\u00f3n de nuestro pack brownies con los sabores de red velvet, chocolate blanco, lim\u00f3n y americano.   Estos brownies\u00a0te transportan al placer gastron\u00f3mico en el que est\u00e1 presente la ternura y el cari\u00f1o de quien lo env\u00eda. Y lo mejor es que la sensaci\u00f3n de degustarlos, en cualquier momento, hacen de un d\u00eda normal, uno especial e inolvidable.   \u00a1Es tan f\u00e1cil provocar una sonrisa!\" \/>\n<meta property=\"og:url\" content=\"https:\/\/inigual.es\/en\/product\/pack-brownies-pequena\/\" \/>\n<meta property=\"og:site_name\" content=\"Inigual | Reposter\u00eda creativa\" \/>\n<meta property=\"article:publisher\" content=\"https:\/\/www.facebook.com\/Inigual-700262766834423\" \/>\n<meta property=\"og:image\" content=\"https:\/\/inigual.es\/wp-content\/uploads\/2025\/09\/pack-browinies-ch-ok-600x600-1.webp\" \/>\n\t<meta property=\"og:image:width\" content=\"600\" \/>\n\t<meta property=\"og:image:height\" content=\"600\" \/>\n\t<meta property=\"og:image:type\" content=\"image\/webp\" \/>\n<meta name=\"twitter:card\" content=\"summary_large_image\" \/>\n<script type=\"application\/ld+json\" class=\"yoast-schema-graph\">{\"@context\":\"https:\/\/schema.org\",\"@graph\":[{\"@type\":\"WebPage\",\"@id\":\"https:\/\/inigual.es\/producto\/pack-brownies-pequena\/\",\"url\":\"https:\/\/inigual.es\/producto\/pack-brownies-pequena\/\",\"name\":\"Pack Brownies peque\u00f1a - Inigual | Reposter\u00eda creativa\",\"isPartOf\":{\"@id\":\"https:\/\/inigual.es\/#website\"},\"primaryImageOfPage\":{\"@id\":\"https:\/\/inigual.es\/producto\/pack-brownies-pequena\/#primaryimage\"},\"image\":{\"@id\":\"https:\/\/inigual.es\/producto\/pack-brownies-pequena\/#primaryimage\"},\"thumbnailUrl\":\"https:\/\/inigual.es\/wp-content\/uploads\/2025\/09\/pack-browinies-ch-ok-600x600-1.webp\",\"datePublished\":\"2025-09-19T21:47:11+00:00\",\"breadcrumb\":{\"@id\":\"https:\/\/inigual.es\/producto\/pack-brownies-pequena\/#breadcrumb\"},\"inLanguage\":\"en-GB\",\"potentialAction\":[{\"@type\":\"ReadAction\",\"target\":[\"https:\/\/inigual.es\/producto\/pack-brownies-pequena\/\"]}]},{\"@type\":\"ImageObject\",\"inLanguage\":\"en-GB\",\"@id\":\"https:\/\/inigual.es\/producto\/pack-brownies-pequena\/#primaryimage\",\"url\":\"https:\/\/inigual.es\/wp-content\/uploads\/2025\/09\/pack-browinies-ch-ok-600x600-1.webp\",\"contentUrl\":\"https:\/\/inigual.es\/wp-content\/uploads\/2025\/09\/pack-browinies-ch-ok-600x600-1.webp\",\"width\":600,\"height\":600},{\"@type\":\"BreadcrumbList\",\"@id\":\"https:\/\/inigual.es\/producto\/pack-brownies-pequena\/#breadcrumb\",\"itemListElement\":[{\"@type\":\"ListItem\",\"position\":1,\"name\":\"Portada\",\"item\":\"https:\/\/inigual.es\/\"},{\"@type\":\"ListItem\",\"position\":2,\"name\":\"Tienda\",\"item\":\"https:\/\/inigual.es\/tienda\/\"},{\"@type\":\"ListItem\",\"position\":3,\"name\":\"Pack Brownies peque\u00f1a\"}]},{\"@type\":\"WebSite\",\"@id\":\"https:\/\/inigual.es\/#website\",\"url\":\"https:\/\/inigual.es\/\",\"name\":\"Inigual | Reposter\u00eda creativa\",\"description\":\"Hacemos de la reposter\u00eda creativa un estilo de vida. Nos especializamos en crear dulces y emociones. Obrador tradicional con un toque Inigual.\",\"publisher\":{\"@id\":\"https:\/\/inigual.es\/#organization\"},\"potentialAction\":[{\"@type\":\"SearchAction\",\"target\":{\"@type\":\"EntryPoint\",\"urlTemplate\":\"https:\/\/inigual.es\/?s={search_term_string}\"},\"query-input\":{\"@type\":\"PropertyValueSpecification\",\"valueRequired\":true,\"valueName\":\"search_term_string\"}}],\"inLanguage\":\"en-GB\"},{\"@type\":\"Organization\",\"@id\":\"https:\/\/inigual.es\/#organization\",\"name\":\"Inigual | Reposter\u00eda creativa\",\"url\":\"https:\/\/inigual.es\/\",\"logo\":{\"@type\":\"ImageObject\",\"inLanguage\":\"en-GB\",\"@id\":\"https:\/\/inigual.es\/#\/schema\/logo\/image\/\",\"url\":\"https:\/\/pacher-pruebas.com\/wp-content\/uploads\/2025\/09\/logo-inigual-perfil.png\",\"contentUrl\":\"https:\/\/pacher-pruebas.com\/wp-content\/uploads\/2025\/09\/logo-inigual-perfil.png\",\"width\":500,\"height\":500,\"caption\":\"Inigual | Reposter\u00eda creativa\"},\"image\":{\"@id\":\"https:\/\/inigual.es\/#\/schema\/logo\/image\/\"},\"sameAs\":[\"https:\/\/www.facebook.com\/Inigual-700262766834423\",\"https:\/\/www.instagram.com\/inigualciudadreal\"]}]}<\/script>\n<!-- \/ Yoast SEO plugin. -->","yoast_head_json":{"title":"Pack Brownies peque\u00f1a - Inigual | Reposter\u00eda creativa","robots":{"index":"index","follow":"follow","max-snippet":"max-snippet:-1","max-image-preview":"max-image-preview:large","max-video-preview":"max-video-preview:-1"},"canonical":"https:\/\/inigual.es\/en\/product\/pack-brownies-pequena\/","og_locale":"en_GB","og_type":"article","og_title":"Pack Brownies peque\u00f1a - Inigual | Reposter\u00eda creativa","og_description":"Qu\u00e9 bonita sorpresa recibir en casa una cajita gourmet de brownies. \u00a1Todos los sentidos se empiezan a despertar! Los olores, texturas y la magn\u00edfica presentaci\u00f3n de nuestro pack brownies con los sabores de red velvet, chocolate blanco, lim\u00f3n y americano.   Estos brownies\u00a0te transportan al placer gastron\u00f3mico en el que est\u00e1 presente la ternura y el cari\u00f1o de quien lo env\u00eda. Y lo mejor es que la sensaci\u00f3n de degustarlos, en cualquier momento, hacen de un d\u00eda normal, uno especial e inolvidable.   \u00a1Es tan f\u00e1cil provocar una sonrisa!","og_url":"https:\/\/inigual.es\/en\/product\/pack-brownies-pequena\/","og_site_name":"Inigual | Reposter\u00eda creativa","article_publisher":"https:\/\/www.facebook.com\/Inigual-700262766834423","og_image":[{"width":600,"height":600,"url":"https:\/\/inigual.es\/wp-content\/uploads\/2025\/09\/pack-browinies-ch-ok-600x600-1.webp","type":"image\/webp"}],"twitter_card":"summary_large_image","schema":{"@context":"https:\/\/schema.org","@graph":[{"@type":"WebPage","@id":"https:\/\/inigual.es\/producto\/pack-brownies-pequena\/","url":"https:\/\/inigual.es\/producto\/pack-brownies-pequena\/","name":"Pack Brownies peque\u00f1a - Inigual | Reposter\u00eda creativa","isPartOf":{"@id":"https:\/\/inigual.es\/#website"},"primaryImageOfPage":{"@id":"https:\/\/inigual.es\/producto\/pack-brownies-pequena\/#primaryimage"},"image":{"@id":"https:\/\/inigual.es\/producto\/pack-brownies-pequena\/#primaryimage"},"thumbnailUrl":"https:\/\/inigual.es\/wp-content\/uploads\/2025\/09\/pack-browinies-ch-ok-600x600-1.webp","datePublished":"2025-09-19T21:47:11+00:00","breadcrumb":{"@id":"https:\/\/inigual.es\/producto\/pack-brownies-pequena\/#breadcrumb"},"inLanguage":"en-GB","potentialAction":[{"@type":"ReadAction","target":["https:\/\/inigual.es\/producto\/pack-brownies-pequena\/"]}]},{"@type":"ImageObject","inLanguage":"en-GB","@id":"https:\/\/inigual.es\/producto\/pack-brownies-pequena\/#primaryimage","url":"https:\/\/inigual.es\/wp-content\/uploads\/2025\/09\/pack-browinies-ch-ok-600x600-1.webp","contentUrl":"https:\/\/inigual.es\/wp-content\/uploads\/2025\/09\/pack-browinies-ch-ok-600x600-1.webp","width":600,"height":600},{"@type":"BreadcrumbList","@id":"https:\/\/inigual.es\/producto\/pack-brownies-pequena\/#breadcrumb","itemListElement":[{"@type":"ListItem","position":1,"name":"Portada","item":"https:\/\/inigual.es\/"},{"@type":"ListItem","position":2,"name":"Tienda","item":"https:\/\/inigual.es\/tienda\/"},{"@type":"ListItem","position":3,"name":"Pack Brownies peque\u00f1a"}]},{"@type":"WebSite","@id":"https:\/\/inigual.es\/#website","url":"https:\/\/inigual.es\/","name":"Inigual | Reposter\u00eda creativa","description":"Hacemos de la reposter\u00eda creativa un estilo de vida. Nos especializamos en crear dulces y emociones. Obrador tradicional con un toque Inigual.","publisher":{"@id":"https:\/\/inigual.es\/#organization"},"potentialAction":[{"@type":"SearchAction","target":{"@type":"EntryPoint","urlTemplate":"https:\/\/inigual.es\/?s={search_term_string}"},"query-input":{"@type":"PropertyValueSpecification","valueRequired":true,"valueName":"search_term_string"}}],"inLanguage":"en-GB"},{"@type":"Organization","@id":"https:\/\/inigual.es\/#organization","name":"Inigual | Reposter\u00eda creativa","url":"https:\/\/inigual.es\/","logo":{"@type":"ImageObject","inLanguage":"en-GB","@id":"https:\/\/inigual.es\/#\/schema\/logo\/image\/","url":"https:\/\/pacher-pruebas.com\/wp-content\/uploads\/2025\/09\/logo-inigual-perfil.png","contentUrl":"https:\/\/pacher-pruebas.com\/wp-content\/uploads\/2025\/09\/logo-inigual-perfil.png","width":500,"height":500,"caption":"Inigual | Reposter\u00eda creativa"},"image":{"@id":"https:\/\/inigual.es\/#\/schema\/logo\/image\/"},"sameAs":["https:\/\/www.facebook.com\/Inigual-700262766834423","https:\/\/www.instagram.com\/inigualciudadreal"]}]}},"_links":{"self":[{"href":"https:\/\/inigual.es\/en\/wp-json\/wp\/v2\/product\/4616","targetHints":{"allow":["GET"]}}],"collection":[{"href":"https:\/\/inigual.es\/en\/wp-json\/wp\/v2\/product"}],"about":[{"href":"https:\/\/inigual.es\/en\/wp-json\/wp\/v2\/types\/product"}],"replies":[{"embeddable":true,"href":"https:\/\/inigual.es\/en\/wp-json\/wp\/v2\/comments?post=4616"}],"wp:featuredmedia":[{"embeddable":true,"href":"https:\/\/inigual.es\/en\/wp-json\/wp\/v2\/media\/4617"}],"wp:attachment":[{"href":"https:\/\/inigual.es\/en\/wp-json\/wp\/v2\/media?parent=4616"}],"wp:term":[{"taxonomy":"product_brand","embeddable":true,"href":"https:\/\/inigual.es\/en\/wp-json\/wp\/v2\/product_brand?post=4616"},{"taxonomy":"product_cat","embeddable":true,"href":"https:\/\/inigual.es\/en\/wp-json\/wp\/v2\/product_cat?post=4616"},{"taxonomy":"product_tag","embeddable":true,"href":"https:\/\/inigual.es\/en\/wp-json\/wp\/v2\/product_tag?post=4616"}],"curies":[{"name":"wp","href":"https:\/\/api.w.org\/{rel}","templated":true}]}}