{"id":4553,"date":"2025-09-19T22:34:01","date_gmt":"2025-09-19T20:34:01","guid":{"rendered":"https:\/\/pacher-pruebas.com\/?post_type=product&#038;p=4553"},"modified":"2025-09-19T22:34:01","modified_gmt":"2025-09-19T20:34:01","slug":"pack-desayuno-para-compartir","status":"publish","type":"product","link":"https:\/\/inigual.es\/en\/product\/pack-desayuno-para-compartir\/","title":{"rendered":"Breakfast pack to share"},"content":{"rendered":"<div class=\"descripcion\">\n<p>Our Sweet Breakfast Pack includes:<\/p>\n<ul>\n<li>Giant cookies of: red velvet, chocolate chip, lemon and white chocolate, brownie and peanut.<\/li>\n<li>2 mini Donuts<\/li>\n<li>2 portions of American and white brownie with pistachios<\/li>\n<li>2 cappuccino<\/li>\n<\/ul>\n<\/div>\n<div class=\"descripcion\">\n<p class=\"translation-block\">*All boxes contain:<br>\n\u2013 Napkins and forks<br>\n\u2013 Composition and allergen card<br>\n\u2013 Message card<\/em><\/p>\n<\/div>","protected":false},"excerpt":{"rendered":"<div class=\"kvgmc6g5 cxmmr5t8 oygrvhab hcukyx3x c1et5uql ii04i59q\">\n<div dir=\"auto\">Breakfast is probably one of the most important meals of the day, and if we share it with someone special, it becomes a unique moment.<\/div>\n<\/div>\n<div class=\"cxmmr5t8 oygrvhab hcukyx3x c1et5uql o9v6fnle ii04i59q\">\n<div dir=\"auto\">We've prepared our breakfast pack for you with a wide variety of sweets, like giant cookies, mini donuts, plus a couple of cappuccinos for you to enjoy with whomever you like. A sweet treat!<\/div>\n<\/div>","protected":false},"featured_media":4554,"comment_status":"closed","ping_status":"closed","template":"","meta":{"_acf_changed":false},"product_brand":[],"product_cat":[29],"product_tag":[],"class_list":{"0":"post-4553","1":"product","2":"type-product","3":"status-publish","4":"has-post-thumbnail","6":"product_cat-desayunos-y-meriendas-a-domicilio","8":"first","9":"instock","10":"taxable","11":"shipping-taxable","12":"purchasable","13":"product-type-simple"},"acf":[],"yoast_head":"<!-- This site is optimized with the Yoast SEO plugin v27.2 - https:\/\/yoast.com\/product\/yoast-seo-wordpress\/ -->\n<title>Pack Desayuno para compartir - Inigual | Reposter\u00eda creativa<\/title>\n<meta name=\"robots\" content=\"index, follow, max-snippet:-1, max-image-preview:large, max-video-preview:-1\" \/>\n<link rel=\"canonical\" href=\"https:\/\/inigual.es\/en\/product\/pack-desayuno-para-compartir\/\" \/>\n<meta property=\"og:locale\" content=\"en_GB\" \/>\n<meta property=\"og:type\" content=\"article\" \/>\n<meta property=\"og:title\" content=\"Pack Desayuno para compartir - Inigual | Reposter\u00eda creativa\" \/>\n<meta property=\"og:description\" content=\"Probablemente, el desayuno es una de las comidas m\u00e1s importantes del d\u00eda y si lo compartimos con alguien especial se vuelve un momento \u00fanico.   Hemos preparado para ti nuestro pack de desayuno con una gran variedad de dulces, como cookies gigantes, mini donuts, adem\u00e1s de un par de capuccinos para que lo disfrutes con quien tu quieras. \u00a1Una dulce maravilla!\" \/>\n<meta property=\"og:url\" content=\"https:\/\/inigual.es\/en\/product\/pack-desayuno-para-compartir\/\" \/>\n<meta property=\"og:site_name\" content=\"Inigual | Reposter\u00eda creativa\" \/>\n<meta property=\"article:publisher\" content=\"https:\/\/www.facebook.com\/Inigual-700262766834423\" \/>\n<meta property=\"og:image\" content=\"https:\/\/inigual.es\/wp-content\/uploads\/2025\/09\/desayuno-compartido-1-ok.webp\" \/>\n\t<meta property=\"og:image:width\" content=\"1080\" \/>\n\t<meta property=\"og:image:height\" content=\"1080\" \/>\n\t<meta property=\"og:image:type\" content=\"image\/webp\" \/>\n<meta name=\"twitter:card\" content=\"summary_large_image\" \/>\n<script type=\"application\/ld+json\" class=\"yoast-schema-graph\">{\"@context\":\"https:\/\/schema.org\",\"@graph\":[{\"@type\":\"WebPage\",\"@id\":\"https:\/\/inigual.es\/producto\/pack-desayuno-para-compartir\/\",\"url\":\"https:\/\/inigual.es\/producto\/pack-desayuno-para-compartir\/\",\"name\":\"Pack Desayuno para compartir - Inigual | Reposter\u00eda creativa\",\"isPartOf\":{\"@id\":\"https:\/\/inigual.es\/#website\"},\"primaryImageOfPage\":{\"@id\":\"https:\/\/inigual.es\/producto\/pack-desayuno-para-compartir\/#primaryimage\"},\"image\":{\"@id\":\"https:\/\/inigual.es\/producto\/pack-desayuno-para-compartir\/#primaryimage\"},\"thumbnailUrl\":\"https:\/\/inigual.es\/wp-content\/uploads\/2025\/09\/desayuno-compartido-1-ok.webp\",\"datePublished\":\"2025-09-19T20:34:01+00:00\",\"breadcrumb\":{\"@id\":\"https:\/\/inigual.es\/producto\/pack-desayuno-para-compartir\/#breadcrumb\"},\"inLanguage\":\"en-GB\",\"potentialAction\":[{\"@type\":\"ReadAction\",\"target\":[\"https:\/\/inigual.es\/producto\/pack-desayuno-para-compartir\/\"]}]},{\"@type\":\"ImageObject\",\"inLanguage\":\"en-GB\",\"@id\":\"https:\/\/inigual.es\/producto\/pack-desayuno-para-compartir\/#primaryimage\",\"url\":\"https:\/\/inigual.es\/wp-content\/uploads\/2025\/09\/desayuno-compartido-1-ok.webp\",\"contentUrl\":\"https:\/\/inigual.es\/wp-content\/uploads\/2025\/09\/desayuno-compartido-1-ok.webp\",\"width\":1080,\"height\":1080},{\"@type\":\"BreadcrumbList\",\"@id\":\"https:\/\/inigual.es\/producto\/pack-desayuno-para-compartir\/#breadcrumb\",\"itemListElement\":[{\"@type\":\"ListItem\",\"position\":1,\"name\":\"Portada\",\"item\":\"https:\/\/inigual.es\/\"},{\"@type\":\"ListItem\",\"position\":2,\"name\":\"Tienda\",\"item\":\"https:\/\/inigual.es\/tienda\/\"},{\"@type\":\"ListItem\",\"position\":3,\"name\":\"Pack Desayuno para compartir\"}]},{\"@type\":\"WebSite\",\"@id\":\"https:\/\/inigual.es\/#website\",\"url\":\"https:\/\/inigual.es\/\",\"name\":\"Inigual | Reposter\u00eda creativa\",\"description\":\"Hacemos de la reposter\u00eda creativa un estilo de vida. Nos especializamos en crear dulces y emociones. Obrador tradicional con un toque Inigual.\",\"publisher\":{\"@id\":\"https:\/\/inigual.es\/#organization\"},\"potentialAction\":[{\"@type\":\"SearchAction\",\"target\":{\"@type\":\"EntryPoint\",\"urlTemplate\":\"https:\/\/inigual.es\/?s={search_term_string}\"},\"query-input\":{\"@type\":\"PropertyValueSpecification\",\"valueRequired\":true,\"valueName\":\"search_term_string\"}}],\"inLanguage\":\"en-GB\"},{\"@type\":\"Organization\",\"@id\":\"https:\/\/inigual.es\/#organization\",\"name\":\"Inigual | Reposter\u00eda creativa\",\"url\":\"https:\/\/inigual.es\/\",\"logo\":{\"@type\":\"ImageObject\",\"inLanguage\":\"en-GB\",\"@id\":\"https:\/\/inigual.es\/#\/schema\/logo\/image\/\",\"url\":\"https:\/\/pacher-pruebas.com\/wp-content\/uploads\/2025\/09\/logo-inigual-perfil.png\",\"contentUrl\":\"https:\/\/pacher-pruebas.com\/wp-content\/uploads\/2025\/09\/logo-inigual-perfil.png\",\"width\":500,\"height\":500,\"caption\":\"Inigual | Reposter\u00eda creativa\"},\"image\":{\"@id\":\"https:\/\/inigual.es\/#\/schema\/logo\/image\/\"},\"sameAs\":[\"https:\/\/www.facebook.com\/Inigual-700262766834423\",\"https:\/\/www.instagram.com\/inigualciudadreal\"]}]}<\/script>\n<!-- \/ Yoast SEO plugin. -->","yoast_head_json":{"title":"Pack Desayuno para compartir - Inigual | Reposter\u00eda creativa","robots":{"index":"index","follow":"follow","max-snippet":"max-snippet:-1","max-image-preview":"max-image-preview:large","max-video-preview":"max-video-preview:-1"},"canonical":"https:\/\/inigual.es\/en\/product\/pack-desayuno-para-compartir\/","og_locale":"en_GB","og_type":"article","og_title":"Pack Desayuno para compartir - Inigual | Reposter\u00eda creativa","og_description":"Probablemente, el desayuno es una de las comidas m\u00e1s importantes del d\u00eda y si lo compartimos con alguien especial se vuelve un momento \u00fanico.   Hemos preparado para ti nuestro pack de desayuno con una gran variedad de dulces, como cookies gigantes, mini donuts, adem\u00e1s de un par de capuccinos para que lo disfrutes con quien tu quieras. \u00a1Una dulce maravilla!","og_url":"https:\/\/inigual.es\/en\/product\/pack-desayuno-para-compartir\/","og_site_name":"Inigual | Reposter\u00eda creativa","article_publisher":"https:\/\/www.facebook.com\/Inigual-700262766834423","og_image":[{"width":1080,"height":1080,"url":"https:\/\/inigual.es\/wp-content\/uploads\/2025\/09\/desayuno-compartido-1-ok.webp","type":"image\/webp"}],"twitter_card":"summary_large_image","schema":{"@context":"https:\/\/schema.org","@graph":[{"@type":"WebPage","@id":"https:\/\/inigual.es\/producto\/pack-desayuno-para-compartir\/","url":"https:\/\/inigual.es\/producto\/pack-desayuno-para-compartir\/","name":"Pack Desayuno para compartir - Inigual | Reposter\u00eda creativa","isPartOf":{"@id":"https:\/\/inigual.es\/#website"},"primaryImageOfPage":{"@id":"https:\/\/inigual.es\/producto\/pack-desayuno-para-compartir\/#primaryimage"},"image":{"@id":"https:\/\/inigual.es\/producto\/pack-desayuno-para-compartir\/#primaryimage"},"thumbnailUrl":"https:\/\/inigual.es\/wp-content\/uploads\/2025\/09\/desayuno-compartido-1-ok.webp","datePublished":"2025-09-19T20:34:01+00:00","breadcrumb":{"@id":"https:\/\/inigual.es\/producto\/pack-desayuno-para-compartir\/#breadcrumb"},"inLanguage":"en-GB","potentialAction":[{"@type":"ReadAction","target":["https:\/\/inigual.es\/producto\/pack-desayuno-para-compartir\/"]}]},{"@type":"ImageObject","inLanguage":"en-GB","@id":"https:\/\/inigual.es\/producto\/pack-desayuno-para-compartir\/#primaryimage","url":"https:\/\/inigual.es\/wp-content\/uploads\/2025\/09\/desayuno-compartido-1-ok.webp","contentUrl":"https:\/\/inigual.es\/wp-content\/uploads\/2025\/09\/desayuno-compartido-1-ok.webp","width":1080,"height":1080},{"@type":"BreadcrumbList","@id":"https:\/\/inigual.es\/producto\/pack-desayuno-para-compartir\/#breadcrumb","itemListElement":[{"@type":"ListItem","position":1,"name":"Portada","item":"https:\/\/inigual.es\/"},{"@type":"ListItem","position":2,"name":"Tienda","item":"https:\/\/inigual.es\/tienda\/"},{"@type":"ListItem","position":3,"name":"Pack Desayuno para compartir"}]},{"@type":"WebSite","@id":"https:\/\/inigual.es\/#website","url":"https:\/\/inigual.es\/","name":"Inigual | Reposter\u00eda creativa","description":"Hacemos de la reposter\u00eda creativa un estilo de vida. Nos especializamos en crear dulces y emociones. Obrador tradicional con un toque Inigual.","publisher":{"@id":"https:\/\/inigual.es\/#organization"},"potentialAction":[{"@type":"SearchAction","target":{"@type":"EntryPoint","urlTemplate":"https:\/\/inigual.es\/?s={search_term_string}"},"query-input":{"@type":"PropertyValueSpecification","valueRequired":true,"valueName":"search_term_string"}}],"inLanguage":"en-GB"},{"@type":"Organization","@id":"https:\/\/inigual.es\/#organization","name":"Inigual | Reposter\u00eda creativa","url":"https:\/\/inigual.es\/","logo":{"@type":"ImageObject","inLanguage":"en-GB","@id":"https:\/\/inigual.es\/#\/schema\/logo\/image\/","url":"https:\/\/pacher-pruebas.com\/wp-content\/uploads\/2025\/09\/logo-inigual-perfil.png","contentUrl":"https:\/\/pacher-pruebas.com\/wp-content\/uploads\/2025\/09\/logo-inigual-perfil.png","width":500,"height":500,"caption":"Inigual | Reposter\u00eda creativa"},"image":{"@id":"https:\/\/inigual.es\/#\/schema\/logo\/image\/"},"sameAs":["https:\/\/www.facebook.com\/Inigual-700262766834423","https:\/\/www.instagram.com\/inigualciudadreal"]}]}},"_links":{"self":[{"href":"https:\/\/inigual.es\/en\/wp-json\/wp\/v2\/product\/4553","targetHints":{"allow":["GET"]}}],"collection":[{"href":"https:\/\/inigual.es\/en\/wp-json\/wp\/v2\/product"}],"about":[{"href":"https:\/\/inigual.es\/en\/wp-json\/wp\/v2\/types\/product"}],"replies":[{"embeddable":true,"href":"https:\/\/inigual.es\/en\/wp-json\/wp\/v2\/comments?post=4553"}],"wp:featuredmedia":[{"embeddable":true,"href":"https:\/\/inigual.es\/en\/wp-json\/wp\/v2\/media\/4554"}],"wp:attachment":[{"href":"https:\/\/inigual.es\/en\/wp-json\/wp\/v2\/media?parent=4553"}],"wp:term":[{"taxonomy":"product_brand","embeddable":true,"href":"https:\/\/inigual.es\/en\/wp-json\/wp\/v2\/product_brand?post=4553"},{"taxonomy":"product_cat","embeddable":true,"href":"https:\/\/inigual.es\/en\/wp-json\/wp\/v2\/product_cat?post=4553"},{"taxonomy":"product_tag","embeddable":true,"href":"https:\/\/inigual.es\/en\/wp-json\/wp\/v2\/product_tag?post=4553"}],"curies":[{"name":"wp","href":"https:\/\/api.w.org\/{rel}","templated":true}]}}