{"id":4548,"date":"2025-09-19T22:25:47","date_gmt":"2025-09-19T20:25:47","guid":{"rendered":"https:\/\/pacher-pruebas.com\/?post_type=product&#038;p=4548"},"modified":"2025-09-19T22:37:29","modified_gmt":"2025-09-19T20:37:29","slug":"pack-desayuno","status":"publish","type":"product","link":"https:\/\/inigual.es\/en\/product\/pack-desayuno\/","title":{"rendered":"Breakfast pack"},"content":{"rendered":"<div class=\"descripcion\">\n<p>Our Sweet Breakfast Pack includes:<\/p>\n<ul>\n<li>3 Porciones de Brownie Americano<\/li>\n<li>3 Chocolate Chip Cookies<\/li>\n<li>3 Vanilla Cookies<\/li>\n<li>3 different mousse jars<\/li>\n<li>1 Small bottle of freshly squeezed orange juice<\/li>\n<li>1 small bottle of prepared cappuccino<\/li>\n<\/ul>\n<\/div>\n<div class=\"descripcion\">\n<p class=\"translation-block\">*All boxes contain:<br>\n\u2013 Napkins and forks<br>\n\u2013 Composition and allergen card<br>\n\u2013 Message card<\/em><\/p>\n<\/div>","protected":false},"excerpt":{"rendered":"<div class=\"kvgmc6g5 cxmmr5t8 oygrvhab hcukyx3x c1et5uql ii04i59q\">\n<div dir=\"auto\">Breakfast is probably one of the most important meals of the day, and we should never skip it. Our breakfasts should provide approximately 25% of the energy we need to face the day.<\/div>\n<\/div>\n<div class=\"cxmmr5t8 oygrvhab hcukyx3x c1et5uql o9v6fnle ii04i59q\">\n<div dir=\"auto\">We've prepared our breakfast pack for you with a wide variety of sweets, such as cookies, different jars of mousse, plus a cappuccino and freshly squeezed orange juice\u2026 A sweet treat!<\/div>\n<\/div>","protected":false},"featured_media":4549,"comment_status":"closed","ping_status":"closed","template":"","meta":{"_acf_changed":false},"product_brand":[],"product_cat":[29],"product_tag":[],"class_list":{"0":"post-4548","1":"product","2":"type-product","3":"status-publish","4":"has-post-thumbnail","6":"product_cat-desayunos-y-meriendas-a-domicilio","8":"first","9":"instock","10":"taxable","11":"shipping-taxable","12":"purchasable","13":"product-type-simple"},"acf":[],"yoast_head":"<!-- This site is optimized with the Yoast SEO plugin v27.2 - https:\/\/yoast.com\/product\/yoast-seo-wordpress\/ -->\n<title>Pack Desayuno - Inigual | Reposter\u00eda creativa<\/title>\n<meta name=\"robots\" content=\"index, follow, max-snippet:-1, max-image-preview:large, max-video-preview:-1\" \/>\n<link rel=\"canonical\" href=\"https:\/\/inigual.es\/en\/product\/pack-desayuno\/\" \/>\n<meta property=\"og:locale\" content=\"en_GB\" \/>\n<meta property=\"og:type\" content=\"article\" \/>\n<meta property=\"og:title\" content=\"Pack Desayuno - Inigual | Reposter\u00eda creativa\" \/>\n<meta property=\"og:description\" content=\"Probablemente, el desayuno es una de las comidas m\u00e1s importantes del d\u00eda y nunca deber\u00edamos pasarlo por alto. Nuestros desayunos deben aportar aproximadamente un 25% de la energ\u00eda que necesitamos para afrontar el d\u00eda.   Hemos preparado para ti nuestro pack de desayuno con una gran variedad de dulces, como cookies, diferentes tarritos de mousse, adem\u00e1s de un capuccino y un zumo de naranja reci\u00e9n exprimido\u2026 \u00a1Una dulce maravilla!\" \/>\n<meta property=\"og:url\" content=\"https:\/\/inigual.es\/en\/product\/pack-desayuno\/\" \/>\n<meta property=\"og:site_name\" content=\"Inigual | Reposter\u00eda creativa\" \/>\n<meta property=\"article:publisher\" content=\"https:\/\/www.facebook.com\/Inigual-700262766834423\" \/>\n<meta property=\"article:modified_time\" content=\"2025-09-19T20:37:29+00:00\" \/>\n<meta property=\"og:image\" content=\"https:\/\/inigual.es\/wp-content\/uploads\/2025\/09\/pack-desayuno-ok.webp\" \/>\n\t<meta property=\"og:image:width\" content=\"1080\" \/>\n\t<meta property=\"og:image:height\" content=\"1080\" \/>\n\t<meta property=\"og:image:type\" content=\"image\/webp\" \/>\n<meta name=\"twitter:card\" content=\"summary_large_image\" \/>\n<script type=\"application\/ld+json\" class=\"yoast-schema-graph\">{\"@context\":\"https:\/\/schema.org\",\"@graph\":[{\"@type\":\"WebPage\",\"@id\":\"https:\/\/inigual.es\/producto\/pack-desayuno\/\",\"url\":\"https:\/\/inigual.es\/producto\/pack-desayuno\/\",\"name\":\"Pack Desayuno - Inigual | Reposter\u00eda creativa\",\"isPartOf\":{\"@id\":\"https:\/\/inigual.es\/#website\"},\"primaryImageOfPage\":{\"@id\":\"https:\/\/inigual.es\/producto\/pack-desayuno\/#primaryimage\"},\"image\":{\"@id\":\"https:\/\/inigual.es\/producto\/pack-desayuno\/#primaryimage\"},\"thumbnailUrl\":\"https:\/\/inigual.es\/wp-content\/uploads\/2025\/09\/pack-desayuno-ok.webp\",\"datePublished\":\"2025-09-19T20:25:47+00:00\",\"dateModified\":\"2025-09-19T20:37:29+00:00\",\"breadcrumb\":{\"@id\":\"https:\/\/inigual.es\/producto\/pack-desayuno\/#breadcrumb\"},\"inLanguage\":\"en-GB\",\"potentialAction\":[{\"@type\":\"ReadAction\",\"target\":[\"https:\/\/inigual.es\/producto\/pack-desayuno\/\"]}]},{\"@type\":\"ImageObject\",\"inLanguage\":\"en-GB\",\"@id\":\"https:\/\/inigual.es\/producto\/pack-desayuno\/#primaryimage\",\"url\":\"https:\/\/inigual.es\/wp-content\/uploads\/2025\/09\/pack-desayuno-ok.webp\",\"contentUrl\":\"https:\/\/inigual.es\/wp-content\/uploads\/2025\/09\/pack-desayuno-ok.webp\",\"width\":1080,\"height\":1080},{\"@type\":\"BreadcrumbList\",\"@id\":\"https:\/\/inigual.es\/producto\/pack-desayuno\/#breadcrumb\",\"itemListElement\":[{\"@type\":\"ListItem\",\"position\":1,\"name\":\"Portada\",\"item\":\"https:\/\/inigual.es\/\"},{\"@type\":\"ListItem\",\"position\":2,\"name\":\"Tienda\",\"item\":\"https:\/\/inigual.es\/tienda\/\"},{\"@type\":\"ListItem\",\"position\":3,\"name\":\"Pack Desayuno\"}]},{\"@type\":\"WebSite\",\"@id\":\"https:\/\/inigual.es\/#website\",\"url\":\"https:\/\/inigual.es\/\",\"name\":\"Inigual | Reposter\u00eda creativa\",\"description\":\"Hacemos de la reposter\u00eda creativa un estilo de vida. Nos especializamos en crear dulces y emociones. Obrador tradicional con un toque Inigual.\",\"publisher\":{\"@id\":\"https:\/\/inigual.es\/#organization\"},\"potentialAction\":[{\"@type\":\"SearchAction\",\"target\":{\"@type\":\"EntryPoint\",\"urlTemplate\":\"https:\/\/inigual.es\/?s={search_term_string}\"},\"query-input\":{\"@type\":\"PropertyValueSpecification\",\"valueRequired\":true,\"valueName\":\"search_term_string\"}}],\"inLanguage\":\"en-GB\"},{\"@type\":\"Organization\",\"@id\":\"https:\/\/inigual.es\/#organization\",\"name\":\"Inigual | Reposter\u00eda creativa\",\"url\":\"https:\/\/inigual.es\/\",\"logo\":{\"@type\":\"ImageObject\",\"inLanguage\":\"en-GB\",\"@id\":\"https:\/\/inigual.es\/#\/schema\/logo\/image\/\",\"url\":\"https:\/\/pacher-pruebas.com\/wp-content\/uploads\/2025\/09\/logo-inigual-perfil.png\",\"contentUrl\":\"https:\/\/pacher-pruebas.com\/wp-content\/uploads\/2025\/09\/logo-inigual-perfil.png\",\"width\":500,\"height\":500,\"caption\":\"Inigual | Reposter\u00eda creativa\"},\"image\":{\"@id\":\"https:\/\/inigual.es\/#\/schema\/logo\/image\/\"},\"sameAs\":[\"https:\/\/www.facebook.com\/Inigual-700262766834423\",\"https:\/\/www.instagram.com\/inigualciudadreal\"]}]}<\/script>\n<!-- \/ Yoast SEO plugin. -->","yoast_head_json":{"title":"Pack Desayuno - Inigual | Reposter\u00eda creativa","robots":{"index":"index","follow":"follow","max-snippet":"max-snippet:-1","max-image-preview":"max-image-preview:large","max-video-preview":"max-video-preview:-1"},"canonical":"https:\/\/inigual.es\/en\/product\/pack-desayuno\/","og_locale":"en_GB","og_type":"article","og_title":"Pack Desayuno - Inigual | Reposter\u00eda creativa","og_description":"Probablemente, el desayuno es una de las comidas m\u00e1s importantes del d\u00eda y nunca deber\u00edamos pasarlo por alto. Nuestros desayunos deben aportar aproximadamente un 25% de la energ\u00eda que necesitamos para afrontar el d\u00eda.   Hemos preparado para ti nuestro pack de desayuno con una gran variedad de dulces, como cookies, diferentes tarritos de mousse, adem\u00e1s de un capuccino y un zumo de naranja reci\u00e9n exprimido\u2026 \u00a1Una dulce maravilla!","og_url":"https:\/\/inigual.es\/en\/product\/pack-desayuno\/","og_site_name":"Inigual | Reposter\u00eda creativa","article_publisher":"https:\/\/www.facebook.com\/Inigual-700262766834423","article_modified_time":"2025-09-19T20:37:29+00:00","og_image":[{"width":1080,"height":1080,"url":"https:\/\/inigual.es\/wp-content\/uploads\/2025\/09\/pack-desayuno-ok.webp","type":"image\/webp"}],"twitter_card":"summary_large_image","schema":{"@context":"https:\/\/schema.org","@graph":[{"@type":"WebPage","@id":"https:\/\/inigual.es\/producto\/pack-desayuno\/","url":"https:\/\/inigual.es\/producto\/pack-desayuno\/","name":"Pack Desayuno - Inigual | Reposter\u00eda creativa","isPartOf":{"@id":"https:\/\/inigual.es\/#website"},"primaryImageOfPage":{"@id":"https:\/\/inigual.es\/producto\/pack-desayuno\/#primaryimage"},"image":{"@id":"https:\/\/inigual.es\/producto\/pack-desayuno\/#primaryimage"},"thumbnailUrl":"https:\/\/inigual.es\/wp-content\/uploads\/2025\/09\/pack-desayuno-ok.webp","datePublished":"2025-09-19T20:25:47+00:00","dateModified":"2025-09-19T20:37:29+00:00","breadcrumb":{"@id":"https:\/\/inigual.es\/producto\/pack-desayuno\/#breadcrumb"},"inLanguage":"en-GB","potentialAction":[{"@type":"ReadAction","target":["https:\/\/inigual.es\/producto\/pack-desayuno\/"]}]},{"@type":"ImageObject","inLanguage":"en-GB","@id":"https:\/\/inigual.es\/producto\/pack-desayuno\/#primaryimage","url":"https:\/\/inigual.es\/wp-content\/uploads\/2025\/09\/pack-desayuno-ok.webp","contentUrl":"https:\/\/inigual.es\/wp-content\/uploads\/2025\/09\/pack-desayuno-ok.webp","width":1080,"height":1080},{"@type":"BreadcrumbList","@id":"https:\/\/inigual.es\/producto\/pack-desayuno\/#breadcrumb","itemListElement":[{"@type":"ListItem","position":1,"name":"Portada","item":"https:\/\/inigual.es\/"},{"@type":"ListItem","position":2,"name":"Tienda","item":"https:\/\/inigual.es\/tienda\/"},{"@type":"ListItem","position":3,"name":"Pack Desayuno"}]},{"@type":"WebSite","@id":"https:\/\/inigual.es\/#website","url":"https:\/\/inigual.es\/","name":"Inigual | Reposter\u00eda creativa","description":"Hacemos de la reposter\u00eda creativa un estilo de vida. Nos especializamos en crear dulces y emociones. Obrador tradicional con un toque Inigual.","publisher":{"@id":"https:\/\/inigual.es\/#organization"},"potentialAction":[{"@type":"SearchAction","target":{"@type":"EntryPoint","urlTemplate":"https:\/\/inigual.es\/?s={search_term_string}"},"query-input":{"@type":"PropertyValueSpecification","valueRequired":true,"valueName":"search_term_string"}}],"inLanguage":"en-GB"},{"@type":"Organization","@id":"https:\/\/inigual.es\/#organization","name":"Inigual | Reposter\u00eda creativa","url":"https:\/\/inigual.es\/","logo":{"@type":"ImageObject","inLanguage":"en-GB","@id":"https:\/\/inigual.es\/#\/schema\/logo\/image\/","url":"https:\/\/pacher-pruebas.com\/wp-content\/uploads\/2025\/09\/logo-inigual-perfil.png","contentUrl":"https:\/\/pacher-pruebas.com\/wp-content\/uploads\/2025\/09\/logo-inigual-perfil.png","width":500,"height":500,"caption":"Inigual | Reposter\u00eda creativa"},"image":{"@id":"https:\/\/inigual.es\/#\/schema\/logo\/image\/"},"sameAs":["https:\/\/www.facebook.com\/Inigual-700262766834423","https:\/\/www.instagram.com\/inigualciudadreal"]}]}},"_links":{"self":[{"href":"https:\/\/inigual.es\/en\/wp-json\/wp\/v2\/product\/4548","targetHints":{"allow":["GET"]}}],"collection":[{"href":"https:\/\/inigual.es\/en\/wp-json\/wp\/v2\/product"}],"about":[{"href":"https:\/\/inigual.es\/en\/wp-json\/wp\/v2\/types\/product"}],"replies":[{"embeddable":true,"href":"https:\/\/inigual.es\/en\/wp-json\/wp\/v2\/comments?post=4548"}],"wp:featuredmedia":[{"embeddable":true,"href":"https:\/\/inigual.es\/en\/wp-json\/wp\/v2\/media\/4549"}],"wp:attachment":[{"href":"https:\/\/inigual.es\/en\/wp-json\/wp\/v2\/media?parent=4548"}],"wp:term":[{"taxonomy":"product_brand","embeddable":true,"href":"https:\/\/inigual.es\/en\/wp-json\/wp\/v2\/product_brand?post=4548"},{"taxonomy":"product_cat","embeddable":true,"href":"https:\/\/inigual.es\/en\/wp-json\/wp\/v2\/product_cat?post=4548"},{"taxonomy":"product_tag","embeddable":true,"href":"https:\/\/inigual.es\/en\/wp-json\/wp\/v2\/product_tag?post=4548"}],"curies":[{"name":"wp","href":"https:\/\/api.w.org\/{rel}","templated":true}]}}