{"id":4501,"date":"2025-09-18T18:59:37","date_gmt":"2025-09-18T16:59:37","guid":{"rendered":"https:\/\/pacher-pruebas.com\/?post_type=product&#038;p=4501"},"modified":"2025-09-19T22:37:23","modified_gmt":"2025-09-19T20:37:23","slug":"pack-especial","status":"publish","type":"product","link":"https:\/\/inigual.es\/en\/product\/pack-especial\/","title":{"rendered":"Special pack"},"content":{"rendered":"<div class=\"descripcion\">\n<p>Our Special Pack includes:<\/p>\n<ul>\n<li>Cheesecake<\/li>\n<li>Jar<\/li>\n<li>Brownies<\/li>\n<li>Cookies<\/li>\n<li>Truffles<\/li>\n<li>Capuccino<\/li>\n<li>Orange juice<\/li>\n<\/ul>\n<\/div>\n<div class=\"descripcion translation-block\">*All boxes contain:<br>\n\u2013 Napkins and forks<br>\n\u2013 Composition and allergen card<br>\n\u2013 Message card<\/em><\/div>","protected":false},"excerpt":{"rendered":"<p><span style=\"font-weight: 400;\">Do you want to take your meetings with clients, suppliers, or colleagues to the next level?<\/span><\/p>\n<p><span style=\"font-weight: 400;\">Or perhaps you want to give the most original gift to your friend, family member, or that special person?<\/span><\/p>\n<p><span style=\"font-weight: 400;\">Don't worry, at Inigual we know what you need, our special breakfast pack.<\/span><\/p>\n<p><span style=\"font-weight: 400;\">It has everything you need to start the day in the best way: a delicious cheesecake, brownies, our famous cookies, truffles that will delight even the most discerning palates, a small jar of... wait, there's more! What would a complete breakfast be without freshly squeezed orange juice and a cappuccino? Yes, that's also included in our pack.<\/span><\/p>\n<p><span style=\"font-weight: 400;\">What are you waiting for to surprise everyone with this luxurious breakfast?<\/span><\/p>","protected":false},"featured_media":4502,"comment_status":"closed","ping_status":"closed","template":"","meta":{"_acf_changed":false},"product_brand":[],"product_cat":[29],"product_tag":[],"class_list":{"0":"post-4501","1":"product","2":"type-product","3":"status-publish","4":"has-post-thumbnail","6":"product_cat-desayunos-y-meriendas-a-domicilio","8":"first","9":"instock","10":"taxable","11":"shipping-taxable","12":"purchasable","13":"product-type-simple"},"acf":[],"yoast_head":"<!-- This site is optimized with the Yoast SEO plugin v27.2 - https:\/\/yoast.com\/product\/yoast-seo-wordpress\/ -->\n<title>Pack Especial - Inigual | Reposter\u00eda creativa<\/title>\n<meta name=\"robots\" content=\"index, follow, max-snippet:-1, max-image-preview:large, max-video-preview:-1\" \/>\n<link rel=\"canonical\" href=\"https:\/\/inigual.es\/en\/product\/pack-especial\/\" \/>\n<meta property=\"og:locale\" content=\"en_GB\" \/>\n<meta property=\"og:type\" content=\"article\" \/>\n<meta property=\"og:title\" content=\"Pack Especial - Inigual | Reposter\u00eda creativa\" \/>\n<meta property=\"og:description\" content=\"\u00bfQuieres llevar las reuniones con tus clientes, proveedores o compa\u00f1eros de trabajo al siguiente nivel?  \u00bfO quiz\u00e1s quieres hacer el regalo m\u00e1s original a tu amigo, familiar o esa persona especial?  Tranquilo, en Inigual sabemos lo que necesitas, nuestro pack desayuno especial.  Tiene todo lo necesario para empezar el d\u00eda de la mejor manera, una deliciosa tarta de queso, brownies, nuestras famosas cookies, unas trufas que har\u00e1n las delicias de los paladares m\u00e1s exquisitos, un tarrito y\u2026 espera que hay m\u00e1s, \u00bfqu\u00e9 ser\u00eda de un desayuno completo sin su zumo de naranja reci\u00e9n exprimido y sin su cappuccino? S\u00ed, eso tambi\u00e9n viene incluido en nuestro pack.  \u00bfA qu\u00e9 esperas para sorprender a todos con este lujo de desayuno?\" \/>\n<meta property=\"og:url\" content=\"https:\/\/inigual.es\/en\/product\/pack-especial\/\" \/>\n<meta property=\"og:site_name\" content=\"Inigual | Reposter\u00eda creativa\" \/>\n<meta property=\"article:publisher\" content=\"https:\/\/www.facebook.com\/Inigual-700262766834423\" \/>\n<meta property=\"article:modified_time\" content=\"2025-09-19T20:37:23+00:00\" \/>\n<meta property=\"og:image\" content=\"https:\/\/inigual.es\/wp-content\/uploads\/2025\/09\/pack-especial-ok.webp\" \/>\n\t<meta property=\"og:image:width\" content=\"1080\" \/>\n\t<meta property=\"og:image:height\" content=\"1080\" \/>\n\t<meta property=\"og:image:type\" content=\"image\/webp\" \/>\n<meta name=\"twitter:card\" content=\"summary_large_image\" \/>\n<script type=\"application\/ld+json\" class=\"yoast-schema-graph\">{\"@context\":\"https:\/\/schema.org\",\"@graph\":[{\"@type\":\"WebPage\",\"@id\":\"https:\/\/inigual.es\/producto\/pack-especial\/\",\"url\":\"https:\/\/inigual.es\/producto\/pack-especial\/\",\"name\":\"Pack Especial - Inigual | Reposter\u00eda creativa\",\"isPartOf\":{\"@id\":\"https:\/\/inigual.es\/#website\"},\"primaryImageOfPage\":{\"@id\":\"https:\/\/inigual.es\/producto\/pack-especial\/#primaryimage\"},\"image\":{\"@id\":\"https:\/\/inigual.es\/producto\/pack-especial\/#primaryimage\"},\"thumbnailUrl\":\"https:\/\/inigual.es\/wp-content\/uploads\/2025\/09\/pack-especial-ok.webp\",\"datePublished\":\"2025-09-18T16:59:37+00:00\",\"dateModified\":\"2025-09-19T20:37:23+00:00\",\"breadcrumb\":{\"@id\":\"https:\/\/inigual.es\/producto\/pack-especial\/#breadcrumb\"},\"inLanguage\":\"en-GB\",\"potentialAction\":[{\"@type\":\"ReadAction\",\"target\":[\"https:\/\/inigual.es\/producto\/pack-especial\/\"]}]},{\"@type\":\"ImageObject\",\"inLanguage\":\"en-GB\",\"@id\":\"https:\/\/inigual.es\/producto\/pack-especial\/#primaryimage\",\"url\":\"https:\/\/inigual.es\/wp-content\/uploads\/2025\/09\/pack-especial-ok.webp\",\"contentUrl\":\"https:\/\/inigual.es\/wp-content\/uploads\/2025\/09\/pack-especial-ok.webp\",\"width\":1080,\"height\":1080},{\"@type\":\"BreadcrumbList\",\"@id\":\"https:\/\/inigual.es\/producto\/pack-especial\/#breadcrumb\",\"itemListElement\":[{\"@type\":\"ListItem\",\"position\":1,\"name\":\"Portada\",\"item\":\"https:\/\/inigual.es\/\"},{\"@type\":\"ListItem\",\"position\":2,\"name\":\"Tienda\",\"item\":\"https:\/\/inigual.es\/tienda\/\"},{\"@type\":\"ListItem\",\"position\":3,\"name\":\"Pack Especial\"}]},{\"@type\":\"WebSite\",\"@id\":\"https:\/\/inigual.es\/#website\",\"url\":\"https:\/\/inigual.es\/\",\"name\":\"Inigual | Reposter\u00eda creativa\",\"description\":\"Hacemos de la reposter\u00eda creativa un estilo de vida. Nos especializamos en crear dulces y emociones. Obrador tradicional con un toque Inigual.\",\"publisher\":{\"@id\":\"https:\/\/inigual.es\/#organization\"},\"potentialAction\":[{\"@type\":\"SearchAction\",\"target\":{\"@type\":\"EntryPoint\",\"urlTemplate\":\"https:\/\/inigual.es\/?s={search_term_string}\"},\"query-input\":{\"@type\":\"PropertyValueSpecification\",\"valueRequired\":true,\"valueName\":\"search_term_string\"}}],\"inLanguage\":\"en-GB\"},{\"@type\":\"Organization\",\"@id\":\"https:\/\/inigual.es\/#organization\",\"name\":\"Inigual | Reposter\u00eda creativa\",\"url\":\"https:\/\/inigual.es\/\",\"logo\":{\"@type\":\"ImageObject\",\"inLanguage\":\"en-GB\",\"@id\":\"https:\/\/inigual.es\/#\/schema\/logo\/image\/\",\"url\":\"https:\/\/pacher-pruebas.com\/wp-content\/uploads\/2025\/09\/logo-inigual-perfil.png\",\"contentUrl\":\"https:\/\/pacher-pruebas.com\/wp-content\/uploads\/2025\/09\/logo-inigual-perfil.png\",\"width\":500,\"height\":500,\"caption\":\"Inigual | Reposter\u00eda creativa\"},\"image\":{\"@id\":\"https:\/\/inigual.es\/#\/schema\/logo\/image\/\"},\"sameAs\":[\"https:\/\/www.facebook.com\/Inigual-700262766834423\",\"https:\/\/www.instagram.com\/inigualciudadreal\"]}]}<\/script>\n<!-- \/ Yoast SEO plugin. -->","yoast_head_json":{"title":"Pack Especial - Inigual | Reposter\u00eda creativa","robots":{"index":"index","follow":"follow","max-snippet":"max-snippet:-1","max-image-preview":"max-image-preview:large","max-video-preview":"max-video-preview:-1"},"canonical":"https:\/\/inigual.es\/en\/product\/pack-especial\/","og_locale":"en_GB","og_type":"article","og_title":"Pack Especial - Inigual | Reposter\u00eda creativa","og_description":"\u00bfQuieres llevar las reuniones con tus clientes, proveedores o compa\u00f1eros de trabajo al siguiente nivel?  \u00bfO quiz\u00e1s quieres hacer el regalo m\u00e1s original a tu amigo, familiar o esa persona especial?  Tranquilo, en Inigual sabemos lo que necesitas, nuestro pack desayuno especial.  Tiene todo lo necesario para empezar el d\u00eda de la mejor manera, una deliciosa tarta de queso, brownies, nuestras famosas cookies, unas trufas que har\u00e1n las delicias de los paladares m\u00e1s exquisitos, un tarrito y\u2026 espera que hay m\u00e1s, \u00bfqu\u00e9 ser\u00eda de un desayuno completo sin su zumo de naranja reci\u00e9n exprimido y sin su cappuccino? S\u00ed, eso tambi\u00e9n viene incluido en nuestro pack.  \u00bfA qu\u00e9 esperas para sorprender a todos con este lujo de desayuno?","og_url":"https:\/\/inigual.es\/en\/product\/pack-especial\/","og_site_name":"Inigual | Reposter\u00eda creativa","article_publisher":"https:\/\/www.facebook.com\/Inigual-700262766834423","article_modified_time":"2025-09-19T20:37:23+00:00","og_image":[{"width":1080,"height":1080,"url":"https:\/\/inigual.es\/wp-content\/uploads\/2025\/09\/pack-especial-ok.webp","type":"image\/webp"}],"twitter_card":"summary_large_image","schema":{"@context":"https:\/\/schema.org","@graph":[{"@type":"WebPage","@id":"https:\/\/inigual.es\/producto\/pack-especial\/","url":"https:\/\/inigual.es\/producto\/pack-especial\/","name":"Pack Especial - Inigual | Reposter\u00eda creativa","isPartOf":{"@id":"https:\/\/inigual.es\/#website"},"primaryImageOfPage":{"@id":"https:\/\/inigual.es\/producto\/pack-especial\/#primaryimage"},"image":{"@id":"https:\/\/inigual.es\/producto\/pack-especial\/#primaryimage"},"thumbnailUrl":"https:\/\/inigual.es\/wp-content\/uploads\/2025\/09\/pack-especial-ok.webp","datePublished":"2025-09-18T16:59:37+00:00","dateModified":"2025-09-19T20:37:23+00:00","breadcrumb":{"@id":"https:\/\/inigual.es\/producto\/pack-especial\/#breadcrumb"},"inLanguage":"en-GB","potentialAction":[{"@type":"ReadAction","target":["https:\/\/inigual.es\/producto\/pack-especial\/"]}]},{"@type":"ImageObject","inLanguage":"en-GB","@id":"https:\/\/inigual.es\/producto\/pack-especial\/#primaryimage","url":"https:\/\/inigual.es\/wp-content\/uploads\/2025\/09\/pack-especial-ok.webp","contentUrl":"https:\/\/inigual.es\/wp-content\/uploads\/2025\/09\/pack-especial-ok.webp","width":1080,"height":1080},{"@type":"BreadcrumbList","@id":"https:\/\/inigual.es\/producto\/pack-especial\/#breadcrumb","itemListElement":[{"@type":"ListItem","position":1,"name":"Portada","item":"https:\/\/inigual.es\/"},{"@type":"ListItem","position":2,"name":"Tienda","item":"https:\/\/inigual.es\/tienda\/"},{"@type":"ListItem","position":3,"name":"Pack Especial"}]},{"@type":"WebSite","@id":"https:\/\/inigual.es\/#website","url":"https:\/\/inigual.es\/","name":"Inigual | Reposter\u00eda creativa","description":"Hacemos de la reposter\u00eda creativa un estilo de vida. Nos especializamos en crear dulces y emociones. Obrador tradicional con un toque Inigual.","publisher":{"@id":"https:\/\/inigual.es\/#organization"},"potentialAction":[{"@type":"SearchAction","target":{"@type":"EntryPoint","urlTemplate":"https:\/\/inigual.es\/?s={search_term_string}"},"query-input":{"@type":"PropertyValueSpecification","valueRequired":true,"valueName":"search_term_string"}}],"inLanguage":"en-GB"},{"@type":"Organization","@id":"https:\/\/inigual.es\/#organization","name":"Inigual | Reposter\u00eda creativa","url":"https:\/\/inigual.es\/","logo":{"@type":"ImageObject","inLanguage":"en-GB","@id":"https:\/\/inigual.es\/#\/schema\/logo\/image\/","url":"https:\/\/pacher-pruebas.com\/wp-content\/uploads\/2025\/09\/logo-inigual-perfil.png","contentUrl":"https:\/\/pacher-pruebas.com\/wp-content\/uploads\/2025\/09\/logo-inigual-perfil.png","width":500,"height":500,"caption":"Inigual | Reposter\u00eda creativa"},"image":{"@id":"https:\/\/inigual.es\/#\/schema\/logo\/image\/"},"sameAs":["https:\/\/www.facebook.com\/Inigual-700262766834423","https:\/\/www.instagram.com\/inigualciudadreal"]}]}},"_links":{"self":[{"href":"https:\/\/inigual.es\/en\/wp-json\/wp\/v2\/product\/4501","targetHints":{"allow":["GET"]}}],"collection":[{"href":"https:\/\/inigual.es\/en\/wp-json\/wp\/v2\/product"}],"about":[{"href":"https:\/\/inigual.es\/en\/wp-json\/wp\/v2\/types\/product"}],"replies":[{"embeddable":true,"href":"https:\/\/inigual.es\/en\/wp-json\/wp\/v2\/comments?post=4501"}],"wp:featuredmedia":[{"embeddable":true,"href":"https:\/\/inigual.es\/en\/wp-json\/wp\/v2\/media\/4502"}],"wp:attachment":[{"href":"https:\/\/inigual.es\/en\/wp-json\/wp\/v2\/media?parent=4501"}],"wp:term":[{"taxonomy":"product_brand","embeddable":true,"href":"https:\/\/inigual.es\/en\/wp-json\/wp\/v2\/product_brand?post=4501"},{"taxonomy":"product_cat","embeddable":true,"href":"https:\/\/inigual.es\/en\/wp-json\/wp\/v2\/product_cat?post=4501"},{"taxonomy":"product_tag","embeddable":true,"href":"https:\/\/inigual.es\/en\/wp-json\/wp\/v2\/product_tag?post=4501"}],"curies":[{"name":"wp","href":"https:\/\/api.w.org\/{rel}","templated":true}]}}