{"id":602,"date":"2025-09-15T19:46:02","date_gmt":"2025-09-15T17:46:02","guid":{"rendered":"https:\/\/pacher-pruebas.com\/?page_id=602"},"modified":"2025-09-21T19:57:50","modified_gmt":"2025-09-21T17:57:50","slug":"maria","status":"publish","type":"page","link":"https:\/\/inigual.es\/en\/maria\/","title":{"rendered":"Mar\u00eda"},"content":{"rendered":"<div data-elementor-type=\"wp-page\" data-elementor-id=\"602\" class=\"elementor elementor-602\" data-elementor-post-type=\"page\">\n\t\t\t\t<div data-dce-background-image-url=\"https:\/\/inigual.es\/wp-content\/uploads\/2025\/09\/mailing-bg.webp\" class=\"elementor-element elementor-element-10779e64 e-flex e-con-boxed e-con e-parent\" data-id=\"10779e64\" data-element_type=\"container\" data-e-type=\"container\" data-settings=\"{&quot;background_background&quot;:&quot;classic&quot;}\">\n\t\t\t\t\t<div class=\"e-con-inner\">\n\t\t\t\t\t<\/div>\n\t\t\t\t<\/div>\n\t\t<div class=\"elementor-element elementor-element-0018d86 e-flex e-con-boxed e-con e-parent\" data-id=\"0018d86\" data-element_type=\"container\" data-e-type=\"container\">\n\t\t\t\t\t<div class=\"e-con-inner\">\n\t\t<div class=\"elementor-element elementor-element-d862a30 e-con-full e-flex e-con e-child\" data-id=\"d862a30\" data-element_type=\"container\" data-e-type=\"container\">\n\t\t\t\t<div class=\"elementor-element elementor-element-5e1338f dce_masking-none elementor-widget elementor-widget-image\" data-id=\"5e1338f\" data-element_type=\"widget\" data-e-type=\"widget\" data-widget_type=\"image.default\">\n\t\t\t\t<div class=\"elementor-widget-container\">\n\t\t\t\t\t\t\t\t\t\t\t\t\t\t\t<img fetchpriority=\"high\" decoding=\"async\" width=\"1080\" height=\"1080\" src=\"https:\/\/inigual.es\/wp-content\/uploads\/2025\/09\/maria-1.webp\" class=\"attachment-full size-full wp-image-4815\" alt=\"\" srcset=\"https:\/\/inigual.es\/wp-content\/uploads\/2025\/09\/maria-1.webp 1080w, https:\/\/inigual.es\/wp-content\/uploads\/2025\/09\/maria-1-300x300.webp 300w, https:\/\/inigual.es\/wp-content\/uploads\/2025\/09\/maria-1-1024x1024.webp 1024w, https:\/\/inigual.es\/wp-content\/uploads\/2025\/09\/maria-1-150x150.webp 150w, https:\/\/inigual.es\/wp-content\/uploads\/2025\/09\/maria-1-768x768.webp 768w, https:\/\/inigual.es\/wp-content\/uploads\/2025\/09\/maria-1-600x600.webp 600w, https:\/\/inigual.es\/wp-content\/uploads\/2025\/09\/maria-1-100x100.webp 100w\" sizes=\"(max-width: 1080px) 100vw, 1080px\" \/>\t\t\t\t\t\t\t\t\t\t\t\t\t\t\t<\/div>\n\t\t\t\t<\/div>\n\t\t\t\t<\/div>\n\t\t<div class=\"elementor-element elementor-element-e7b7be7 e-con-full e-flex e-con e-child\" data-id=\"e7b7be7\" data-element_type=\"container\" data-e-type=\"container\">\n\t\t\t\t<div class=\"elementor-element elementor-element-ee35094 elementor-widget elementor-widget-heading\" data-id=\"ee35094\" data-element_type=\"widget\" data-e-type=\"widget\" data-widget_type=\"heading.default\">\n\t\t\t\t<div class=\"elementor-widget-container\">\n\t\t\t\t\t<p class=\"elementor-heading-title elementor-size-default\">Mar\u00eda Aragon\u00e9s<\/p>\t\t\t\t<\/div>\n\t\t\t\t<\/div>\n\t\t\t\t<div class=\"elementor-element elementor-element-2382c19 sin-margen elementor-widget elementor-widget-text-editor\" data-id=\"2382c19\" data-element_type=\"widget\" data-e-type=\"widget\" data-widget_type=\"text-editor.default\">\n\t\t\t\t<div class=\"elementor-widget-container\">\n\t\t\t\t\t\t\t\t\t<p>Want to learn a little more about the history of Inigual? Keep reading<\/p><p>My name is Maria, I'm a mother of three, Alex, Fran, and Jimena, and a little over eight years ago my life changed completely. Before entering this wonderful world, I was a medical representative. Nothing made me happier than my job; I felt completely fulfilled professionally.\u00a0<\/p><p>So how does a medical representative end up baking cakes and pastries? Well, as we all know, life takes many turns. My three children were born close together during the best period of my professional life, and like many other women, I had to choose between my career and my children. I felt the need to share my time with them; I wanted to be present for every important moment in their lives, I didn't want to miss a thing. I spent countless days at home, watching American baking shows. It was then that I realized, if that person could bake cakes, why couldn't I? What was the difference between them and me? I understood that it was all about training (as I always say, never stop learning, no matter your age; training is the most important thing). I began my training by taking courses all over Spain until I found a school where I could take all the courses I wanted and learn all the techniques. From that moment on, my friends and family, to whom I am very grateful, began entrusting me with the cakes and sweets for their celebrations.<\/p>\t\t\t\t\t\t\t\t<\/div>\n\t\t\t\t<\/div>\n\t\t\t\t<\/div>\n\t\t\t\t\t<\/div>\n\t\t\t\t<\/div>\n\t\t<div class=\"elementor-element elementor-element-bcadd0c e-flex e-con-boxed e-con e-parent\" data-id=\"bcadd0c\" data-element_type=\"container\" data-e-type=\"container\">\n\t\t\t\t\t<div class=\"e-con-inner\">\n\t\t<div class=\"elementor-element elementor-element-977b00a e-con-full e-flex e-con e-child\" data-id=\"977b00a\" data-element_type=\"container\" data-e-type=\"container\">\n\t\t\t\t<div class=\"elementor-element elementor-element-9b877c0 sin-margen elementor-widget elementor-widget-text-editor\" data-id=\"9b877c0\" data-element_type=\"widget\" data-e-type=\"widget\" data-widget_type=\"text-editor.default\">\n\t\t\t\t<div class=\"elementor-widget-container\">\n\t\t\t\t\t\t\t\t\t<p>Then one day, eight years ago, I decided to take the plunge. I rented a shop and started balancing raising my three children with my passion for baking, and I created Inigual. Why Inigual? Because my dream has always been for you to have an experience like no other, from the moment you come to our shop to ask questions, until you take our sweets home. We always want that feeling to be UNMATCHED.<\/p><p>In 2021, after a very difficult year of the pandemic, I knew it was time. It was all or nothing. I bought my own place where, since then, I've been teaching both children and adults, but everyone enjoys it as if they were four years old. Seeing how you connect with your inner child, or the look of surprise and pride on the faces of the little ones when they make cookies with their own hands or when they celebrate their birthdays with their friends in our workshop, the laughter, and knowing that they are the future\u2026 It makes my heart feel completely full.\u00a0<\/p>\t\t\t\t\t\t\t\t<\/div>\n\t\t\t\t<\/div>\n\t\t\t\t<\/div>\n\t\t<div class=\"elementor-element elementor-element-a38619d e-con-full e-flex e-con e-child\" data-id=\"a38619d\" data-element_type=\"container\" data-e-type=\"container\">\n\t\t\t\t<div class=\"elementor-element elementor-element-624e96f dce_masking-none elementor-widget elementor-widget-image\" data-id=\"624e96f\" data-element_type=\"widget\" data-e-type=\"widget\" data-widget_type=\"image.default\">\n\t\t\t\t<div class=\"elementor-widget-container\">\n\t\t\t\t\t\t\t\t\t\t\t\t\t\t\t<img decoding=\"async\" width=\"1080\" height=\"1080\" src=\"https:\/\/inigual.es\/wp-content\/uploads\/2025\/09\/maria-2.webp\" class=\"attachment-full size-full wp-image-4816\" alt=\"\" srcset=\"https:\/\/inigual.es\/wp-content\/uploads\/2025\/09\/maria-2.webp 1080w, https:\/\/inigual.es\/wp-content\/uploads\/2025\/09\/maria-2-300x300.webp 300w, https:\/\/inigual.es\/wp-content\/uploads\/2025\/09\/maria-2-1024x1024.webp 1024w, https:\/\/inigual.es\/wp-content\/uploads\/2025\/09\/maria-2-150x150.webp 150w, https:\/\/inigual.es\/wp-content\/uploads\/2025\/09\/maria-2-768x768.webp 768w, https:\/\/inigual.es\/wp-content\/uploads\/2025\/09\/maria-2-600x600.webp 600w, https:\/\/inigual.es\/wp-content\/uploads\/2025\/09\/maria-2-100x100.webp 100w\" sizes=\"(max-width: 1080px) 100vw, 1080px\" \/>\t\t\t\t\t\t\t\t\t\t\t\t\t\t\t<\/div>\n\t\t\t\t<\/div>\n\t\t\t\t<\/div>\n\t\t\t\t\t<\/div>\n\t\t\t\t<\/div>\n\t\t\t\t<\/div>","protected":false},"excerpt":{"rendered":"<p>Mar\u00eda Aragon\u00e9s \u00bfQuieres conocer un poquito m\u00e1s sobre la historia de Inigual? Sigue leyendo Mi nombre es Mar\u00eda, soy madre [&hellip;]<\/p>\n","protected":false},"author":1,"featured_media":4823,"parent":0,"menu_order":0,"comment_status":"closed","ping_status":"closed","template":"","meta":{"_acf_changed":false,"footnotes":""},"class_list":["post-602","page","type-page","status-publish","has-post-thumbnail","hentry"],"acf":[],"yoast_head":"<!-- This site is optimized with the Yoast SEO plugin v27.2 - https:\/\/yoast.com\/product\/yoast-seo-wordpress\/ -->\n<title>Mar\u00eda - Inigual | Reposter\u00eda creativa<\/title>\n<meta name=\"robots\" content=\"index, follow, max-snippet:-1, max-image-preview:large, max-video-preview:-1\" \/>\n<link rel=\"canonical\" href=\"https:\/\/inigual.es\/en\/maria\/\" \/>\n<meta property=\"og:locale\" content=\"en_GB\" \/>\n<meta property=\"og:type\" content=\"article\" \/>\n<meta property=\"og:title\" content=\"Mar\u00eda - Inigual | Reposter\u00eda creativa\" \/>\n<meta property=\"og:description\" content=\"Mar\u00eda Aragon\u00e9s \u00bfQuieres conocer un poquito m\u00e1s sobre la historia de Inigual? Sigue leyendo Mi nombre es Mar\u00eda, soy madre [&hellip;]\" \/>\n<meta property=\"og:url\" content=\"https:\/\/inigual.es\/en\/maria\/\" \/>\n<meta property=\"og:site_name\" content=\"Inigual | Reposter\u00eda creativa\" \/>\n<meta property=\"article:publisher\" content=\"https:\/\/www.facebook.com\/Inigual-700262766834423\" \/>\n<meta property=\"article:modified_time\" content=\"2025-09-21T17:57:50+00:00\" \/>\n<meta property=\"og:image\" content=\"https:\/\/inigual.es\/wp-content\/uploads\/2025\/09\/mailing-bg.webp\" \/>\n\t<meta property=\"og:image:width\" content=\"1920\" \/>\n\t<meta property=\"og:image:height\" content=\"1080\" \/>\n\t<meta property=\"og:image:type\" content=\"image\/webp\" \/>\n<meta name=\"twitter:card\" content=\"summary_large_image\" \/>\n<meta name=\"twitter:label1\" content=\"Estimated reading time\" \/>\n\t<meta name=\"twitter:data1\" content=\"2 minutes\" \/>\n<script type=\"application\/ld+json\" class=\"yoast-schema-graph\">{\"@context\":\"https:\/\/schema.org\",\"@graph\":[{\"@type\":\"WebPage\",\"@id\":\"https:\/\/inigual.es\/maria\/\",\"url\":\"https:\/\/inigual.es\/maria\/\",\"name\":\"Mar\u00eda - Inigual | Reposter\u00eda creativa\",\"isPartOf\":{\"@id\":\"https:\/\/inigual.es\/#website\"},\"primaryImageOfPage\":{\"@id\":\"https:\/\/inigual.es\/maria\/#primaryimage\"},\"image\":{\"@id\":\"https:\/\/inigual.es\/maria\/#primaryimage\"},\"thumbnailUrl\":\"https:\/\/inigual.es\/wp-content\/uploads\/2025\/09\/mailing-bg.webp\",\"datePublished\":\"2025-09-15T17:46:02+00:00\",\"dateModified\":\"2025-09-21T17:57:50+00:00\",\"breadcrumb\":{\"@id\":\"https:\/\/inigual.es\/maria\/#breadcrumb\"},\"inLanguage\":\"en-GB\",\"potentialAction\":[{\"@type\":\"ReadAction\",\"target\":[\"https:\/\/inigual.es\/maria\/\"]}]},{\"@type\":\"ImageObject\",\"inLanguage\":\"en-GB\",\"@id\":\"https:\/\/inigual.es\/maria\/#primaryimage\",\"url\":\"https:\/\/inigual.es\/wp-content\/uploads\/2025\/09\/mailing-bg.webp\",\"contentUrl\":\"https:\/\/inigual.es\/wp-content\/uploads\/2025\/09\/mailing-bg.webp\",\"width\":1920,\"height\":1080},{\"@type\":\"BreadcrumbList\",\"@id\":\"https:\/\/inigual.es\/maria\/#breadcrumb\",\"itemListElement\":[{\"@type\":\"ListItem\",\"position\":1,\"name\":\"Portada\",\"item\":\"https:\/\/inigual.es\/\"},{\"@type\":\"ListItem\",\"position\":2,\"name\":\"Mar\u00eda\"}]},{\"@type\":\"WebSite\",\"@id\":\"https:\/\/inigual.es\/#website\",\"url\":\"https:\/\/inigual.es\/\",\"name\":\"Inigual | Reposter\u00eda creativa\",\"description\":\"Hacemos de la reposter\u00eda creativa un estilo de vida. Nos especializamos en crear dulces y emociones. Obrador tradicional con un toque Inigual.\",\"publisher\":{\"@id\":\"https:\/\/inigual.es\/#organization\"},\"potentialAction\":[{\"@type\":\"SearchAction\",\"target\":{\"@type\":\"EntryPoint\",\"urlTemplate\":\"https:\/\/inigual.es\/?s={search_term_string}\"},\"query-input\":{\"@type\":\"PropertyValueSpecification\",\"valueRequired\":true,\"valueName\":\"search_term_string\"}}],\"inLanguage\":\"en-GB\"},{\"@type\":\"Organization\",\"@id\":\"https:\/\/inigual.es\/#organization\",\"name\":\"Inigual | Reposter\u00eda creativa\",\"url\":\"https:\/\/inigual.es\/\",\"logo\":{\"@type\":\"ImageObject\",\"inLanguage\":\"en-GB\",\"@id\":\"https:\/\/inigual.es\/#\/schema\/logo\/image\/\",\"url\":\"https:\/\/pacher-pruebas.com\/wp-content\/uploads\/2025\/09\/logo-inigual-perfil.png\",\"contentUrl\":\"https:\/\/pacher-pruebas.com\/wp-content\/uploads\/2025\/09\/logo-inigual-perfil.png\",\"width\":500,\"height\":500,\"caption\":\"Inigual | Reposter\u00eda creativa\"},\"image\":{\"@id\":\"https:\/\/inigual.es\/#\/schema\/logo\/image\/\"},\"sameAs\":[\"https:\/\/www.facebook.com\/Inigual-700262766834423\",\"https:\/\/www.instagram.com\/inigualciudadreal\"]}]}<\/script>\n<!-- \/ Yoast SEO plugin. -->","yoast_head_json":{"title":"Mar\u00eda - Inigual | Reposter\u00eda creativa","robots":{"index":"index","follow":"follow","max-snippet":"max-snippet:-1","max-image-preview":"max-image-preview:large","max-video-preview":"max-video-preview:-1"},"canonical":"https:\/\/inigual.es\/en\/maria\/","og_locale":"en_GB","og_type":"article","og_title":"Mar\u00eda - Inigual | Reposter\u00eda creativa","og_description":"Mar\u00eda Aragon\u00e9s \u00bfQuieres conocer un poquito m\u00e1s sobre la historia de Inigual? Sigue leyendo Mi nombre es Mar\u00eda, soy madre [&hellip;]","og_url":"https:\/\/inigual.es\/en\/maria\/","og_site_name":"Inigual | Reposter\u00eda creativa","article_publisher":"https:\/\/www.facebook.com\/Inigual-700262766834423","article_modified_time":"2025-09-21T17:57:50+00:00","og_image":[{"width":1920,"height":1080,"url":"https:\/\/inigual.es\/wp-content\/uploads\/2025\/09\/mailing-bg.webp","type":"image\/webp"}],"twitter_card":"summary_large_image","twitter_misc":{"Estimated reading time":"2 minutes"},"schema":{"@context":"https:\/\/schema.org","@graph":[{"@type":"WebPage","@id":"https:\/\/inigual.es\/maria\/","url":"https:\/\/inigual.es\/maria\/","name":"Mar\u00eda - Inigual | Reposter\u00eda creativa","isPartOf":{"@id":"https:\/\/inigual.es\/#website"},"primaryImageOfPage":{"@id":"https:\/\/inigual.es\/maria\/#primaryimage"},"image":{"@id":"https:\/\/inigual.es\/maria\/#primaryimage"},"thumbnailUrl":"https:\/\/inigual.es\/wp-content\/uploads\/2025\/09\/mailing-bg.webp","datePublished":"2025-09-15T17:46:02+00:00","dateModified":"2025-09-21T17:57:50+00:00","breadcrumb":{"@id":"https:\/\/inigual.es\/maria\/#breadcrumb"},"inLanguage":"en-GB","potentialAction":[{"@type":"ReadAction","target":["https:\/\/inigual.es\/maria\/"]}]},{"@type":"ImageObject","inLanguage":"en-GB","@id":"https:\/\/inigual.es\/maria\/#primaryimage","url":"https:\/\/inigual.es\/wp-content\/uploads\/2025\/09\/mailing-bg.webp","contentUrl":"https:\/\/inigual.es\/wp-content\/uploads\/2025\/09\/mailing-bg.webp","width":1920,"height":1080},{"@type":"BreadcrumbList","@id":"https:\/\/inigual.es\/maria\/#breadcrumb","itemListElement":[{"@type":"ListItem","position":1,"name":"Portada","item":"https:\/\/inigual.es\/"},{"@type":"ListItem","position":2,"name":"Mar\u00eda"}]},{"@type":"WebSite","@id":"https:\/\/inigual.es\/#website","url":"https:\/\/inigual.es\/","name":"Inigual | Reposter\u00eda creativa","description":"Hacemos de la reposter\u00eda creativa un estilo de vida. Nos especializamos en crear dulces y emociones. Obrador tradicional con un toque Inigual.","publisher":{"@id":"https:\/\/inigual.es\/#organization"},"potentialAction":[{"@type":"SearchAction","target":{"@type":"EntryPoint","urlTemplate":"https:\/\/inigual.es\/?s={search_term_string}"},"query-input":{"@type":"PropertyValueSpecification","valueRequired":true,"valueName":"search_term_string"}}],"inLanguage":"en-GB"},{"@type":"Organization","@id":"https:\/\/inigual.es\/#organization","name":"Inigual | Reposter\u00eda creativa","url":"https:\/\/inigual.es\/","logo":{"@type":"ImageObject","inLanguage":"en-GB","@id":"https:\/\/inigual.es\/#\/schema\/logo\/image\/","url":"https:\/\/pacher-pruebas.com\/wp-content\/uploads\/2025\/09\/logo-inigual-perfil.png","contentUrl":"https:\/\/pacher-pruebas.com\/wp-content\/uploads\/2025\/09\/logo-inigual-perfil.png","width":500,"height":500,"caption":"Inigual | Reposter\u00eda creativa"},"image":{"@id":"https:\/\/inigual.es\/#\/schema\/logo\/image\/"},"sameAs":["https:\/\/www.facebook.com\/Inigual-700262766834423","https:\/\/www.instagram.com\/inigualciudadreal"]}]}},"_links":{"self":[{"href":"https:\/\/inigual.es\/en\/wp-json\/wp\/v2\/pages\/602","targetHints":{"allow":["GET"]}}],"collection":[{"href":"https:\/\/inigual.es\/en\/wp-json\/wp\/v2\/pages"}],"about":[{"href":"https:\/\/inigual.es\/en\/wp-json\/wp\/v2\/types\/page"}],"author":[{"embeddable":true,"href":"https:\/\/inigual.es\/en\/wp-json\/wp\/v2\/users\/1"}],"replies":[{"embeddable":true,"href":"https:\/\/inigual.es\/en\/wp-json\/wp\/v2\/comments?post=602"}],"version-history":[{"count":10,"href":"https:\/\/inigual.es\/en\/wp-json\/wp\/v2\/pages\/602\/revisions"}],"predecessor-version":[{"id":4839,"href":"https:\/\/inigual.es\/en\/wp-json\/wp\/v2\/pages\/602\/revisions\/4839"}],"wp:featuredmedia":[{"embeddable":true,"href":"https:\/\/inigual.es\/en\/wp-json\/wp\/v2\/media\/4823"}],"wp:attachment":[{"href":"https:\/\/inigual.es\/en\/wp-json\/wp\/v2\/media?parent=602"}],"curies":[{"name":"wp","href":"https:\/\/api.w.org\/{rel}","templated":true}]}}